{"id":15,"date":"2023-09-26T12:59:41","date_gmt":"2023-09-26T12:59:41","guid":{"rendered":"https:\/\/fjordwell.com\/?page_id=15"},"modified":"2025-02-16T18:13:36","modified_gmt":"2025-02-16T18:13:36","slug":"about-us","status":"publish","type":"page","link":"https:\/\/fjordwell.com\/es\/about-us\/","title":{"rendered":"Sobre nosotros"},"content":{"rendered":"<div data-elementor-type=\"wp-post\" data-elementor-id=\"15\" class=\"elementor elementor-15\">\n\t\t\t\t<div class=\"elementor-element elementor-element-637f5ae e-flex e-con-boxed e-con e-parent\" data-id=\"637f5ae\" data-element_type=\"container\" data-settings=\"{&quot;background_background&quot;:&quot;classic&quot;}\">\n\t\t\t\t\t<div class=\"e-con-inner\">\n\t\t\t\t<div class=\"elementor-element elementor-element-ab74677 elementor-widget elementor-widget-spacer\" data-id=\"ab74677\" data-element_type=\"widget\" data-widget_type=\"spacer.default\">\n\t\t\t\t<div class=\"elementor-widget-container\">\n\t\t\t\t\t\t\t<div class=\"elementor-spacer\">\n\t\t\t<div class=\"elementor-spacer-inner\"><\/div>\n\t\t<\/div>\n\t\t\t\t\t\t<\/div>\n\t\t\t\t<\/div>\n\t\t\t\t<div class=\"elementor-element elementor-element-9bb0754 elementor-widget elementor-widget-heading\" data-id=\"9bb0754\" data-element_type=\"widget\" data-widget_type=\"heading.default\">\n\t\t\t\t<div class=\"elementor-widget-container\">\n\t\t\t\t\t<h1 class=\"elementor-heading-title elementor-size-large\">SOBRE NOSOTROS<\/h1>\t\t\t\t<\/div>\n\t\t\t\t<\/div>\n\t\t\t\t<div class=\"elementor-element elementor-element-11b63b0 elementor-widget elementor-widget-spacer\" data-id=\"11b63b0\" data-element_type=\"widget\" data-widget_type=\"spacer.default\">\n\t\t\t\t<div class=\"elementor-widget-container\">\n\t\t\t\t\t\t\t<div class=\"elementor-spacer\">\n\t\t\t<div class=\"elementor-spacer-inner\"><\/div>\n\t\t<\/div>\n\t\t\t\t\t\t<\/div>\n\t\t\t\t<\/div>\n\t\t\t\t\t<\/div>\n\t\t\t\t<\/div>\n\t\t\t\t<section class=\"elementor-section elementor-top-section elementor-element elementor-element-e2042cd elementor-section-boxed elementor-section-height-default elementor-section-height-default\" data-id=\"e2042cd\" data-element_type=\"section\" data-settings=\"{&quot;background_background&quot;:&quot;classic&quot;}\">\n\t\t\t\t\t\t<div class=\"elementor-container elementor-column-gap-default\">\n\t\t\t\t\t<div class=\"elementor-column elementor-col-33 elementor-top-column elementor-element elementor-element-eedec74 skt-restara-section-3-left\" data-id=\"eedec74\" data-element_type=\"column\">\n\t\t\t<div class=\"elementor-widget-wrap elementor-element-populated\">\n\t\t\t\t\t\t<div class=\"elementor-element elementor-element-ced4f98 elementor-widget elementor-widget-heading\" data-id=\"ced4f98\" data-element_type=\"widget\" data-widget_type=\"heading.default\">\n\t\t\t\t<div class=\"elementor-widget-container\">\n\t\t\t\t\t<h2 class=\"elementor-heading-title elementor-size-default\">Mensaje de Fiordo<\/h2>\t\t\t\t<\/div>\n\t\t\t\t<\/div>\n\t\t\t\t<div class=\"elementor-element elementor-element-57af50e elementor-widget elementor-widget-heading\" data-id=\"57af50e\" data-element_type=\"widget\" data-widget_type=\"heading.default\">\n\t\t\t\t<div class=\"elementor-widget-container\">\n\t\t\t\t\t<h2 class=\"elementor-heading-title elementor-size-default\"><strong>En Fjordwell, estamos dedicados a la elaboraci\u00f3n de productos excepcionales que alimentan el cuerpo y la mente.<\/strong>\n<\/h2>\t\t\t\t<\/div>\n\t\t\t\t<\/div>\n\t\t\t\t<div class=\"elementor-element elementor-element-332d555 elementor-widget elementor-widget-text-editor\" data-id=\"332d555\" data-element_type=\"widget\" data-widget_type=\"text-editor.default\">\n\t\t\t\t<div class=\"elementor-widget-container\">\n\t\t\t\t\t\t\t\t\t<p>Creado bajo el cielo soleado de la Costa del Sol, <strong>nuestra cara de rollo es un testimonio verdadero lujo y la naturaleza<\/strong>. Inspirado por a\u00f1os de experiencia en el mundo de la <strong>cosm\u00e9tica natural<\/strong>, hemos formulado la <strong>Fjordwell Cara Roll<\/strong> para ofrecer un \u00fanico, rejuvenecimiento de la experiencia con los mejores ingredientes naturales, incluyendo <strong>el aceite de rosa<\/strong>, conocido por sus efectos calmantes y beneficios anti-envejecimiento.<\/p><p>Nuestro viaje comenz\u00f3 con una pasi\u00f3n por la creaci\u00f3n de algo excepcional. <strong>Fjordwell Cara Roll<\/strong> naci\u00f3 del deseo de ofrecer un producto que podr\u00eda <strong>revitalizar su piel<\/strong> y convertido en una parte esencial de su rutina diaria. Hecho con los mejores ingredientes org\u00e1nicos, este producto fue dise\u00f1ado para cualquier persona que busca un <strong>simple, lujoso ritual de cuidado de la piel<\/strong> que trae lo mejor en su piel.<\/p><p><strong>\u00danase a nosotros en este viaje de bienestar<\/strong>\u2014donde la naturaleza y el lujo se re\u00fanen para dar un radiante brillo saludable cada d\u00eda.<\/p>\t\t\t\t\t\t\t\t<\/div>\n\t\t\t\t<\/div>\n\t\t\t\t<div class=\"elementor-element elementor-element-c765d9b skt-restara-section-3-left-btn elementor-mobile-align-center elementor-widget elementor-widget-button\" data-id=\"c765d9b\" data-element_type=\"widget\" data-widget_type=\"button.default\">\n\t\t\t\t<div class=\"elementor-widget-container\">\n\t\t\t\t\t\t\t\t\t<div class=\"elementor-button-wrapper\">\n\t\t\t\t\t<a class=\"elementor-button elementor-button-link elementor-size-xs\" href=\"https:\/\/fjordwell.com\/es\/shop\/\">\n\t\t\t\t\t\t<span class=\"elementor-button-content-wrapper\">\n\t\t\t\t\t\t<span class=\"elementor-button-icon\">\n\t\t\t\t<i aria-hidden=\"true\" class=\"fas fa-angle-right\"><\/i>\t\t\t<\/span>\n\t\t\t\t\t\t\t\t\t<span class=\"elementor-button-text\">EXPLORAR TIENDA<\/span>\n\t\t\t\t\t<\/span>\n\t\t\t\t\t<\/a>\n\t\t\t\t<\/div>\n\t\t\t\t\t\t\t\t<\/div>\n\t\t\t\t<\/div>\n\t\t\t\t\t<\/div>\n\t\t<\/div>\n\t\t\t\t<div class=\"elementor-column elementor-col-33 elementor-top-column elementor-element elementor-element-e6cb49d skt-restara-section-3-mid\" data-id=\"e6cb49d\" data-element_type=\"column\">\n\t\t\t<div class=\"elementor-widget-wrap\">\n\t\t\t\t\t\t\t<\/div>\n\t\t<\/div>\n\t\t\t\t<div class=\"elementor-column elementor-col-33 elementor-top-column elementor-element elementor-element-02d8724\" data-id=\"02d8724\" data-element_type=\"column\">\n\t\t\t<div class=\"elementor-widget-wrap elementor-element-populated\">\n\t\t\t\t\t\t<div class=\"elementor-element elementor-element-c6b7244 elementor-widget elementor-widget-image\" data-id=\"c6b7244\" data-element_type=\"widget\" data-settings=\"{&quot;_animation&quot;:&quot;none&quot;}\" data-widget_type=\"image.default\">\n\t\t\t\t<div class=\"elementor-widget-container\">\n\t\t\t\t\t\t\t\t\t\t\t\t\t\t\t<img fetchpriority=\"high\" decoding=\"async\" width=\"580\" height=\"680\" src=\"https:\/\/fjordwell.com\/wp-content\/uploads\/2025\/02\/4.png\" class=\"elementor-animation-pulse-grow attachment-full size-full wp-image-604\" alt=\"Faceroll Fjordwell natural oils, skincare\" srcset=\"https:\/\/fjordwell.com\/wp-content\/uploads\/2025\/02\/4.png 580w, https:\/\/fjordwell.com\/wp-content\/uploads\/2025\/02\/4-256x300.png 256w\" sizes=\"(max-width: 580px) 100vw, 580px\" \/>\t\t\t\t\t\t\t\t\t\t\t\t\t\t\t<\/div>\n\t\t\t\t<\/div>\n\t\t\t\t\t<\/div>\n\t\t<\/div>\n\t\t\t\t\t<\/div>\n\t\t<\/section>\n\t\t<div class=\"elementor-element elementor-element-9d20661 e-flex e-con-boxed e-con e-parent\" data-id=\"9d20661\" data-element_type=\"container\">\n\t\t\t\t\t<div class=\"e-con-inner\">\n\t\t\t\t<div class=\"elementor-element elementor-element-2110d7d elementor-widget elementor-widget-spacer\" data-id=\"2110d7d\" data-element_type=\"widget\" data-widget_type=\"spacer.default\">\n\t\t\t\t<div class=\"elementor-widget-container\">\n\t\t\t\t\t\t\t<div class=\"elementor-spacer\">\n\t\t\t<div class=\"elementor-spacer-inner\"><\/div>\n\t\t<\/div>\n\t\t\t\t\t\t<\/div>\n\t\t\t\t<\/div>\n\t\t\t\t\t<\/div>\n\t\t\t\t<\/div>\n\t\t<div class=\"elementor-element elementor-element-3ea189c e-flex e-con-boxed e-con e-parent\" data-id=\"3ea189c\" data-element_type=\"container\">\n\t\t\t\t\t<div class=\"e-con-inner\">\n\t\t\t\t<div class=\"elementor-element elementor-element-8b81c13 elementor-widget elementor-widget-spacer\" data-id=\"8b81c13\" data-element_type=\"widget\" data-widget_type=\"spacer.default\">\n\t\t\t\t<div class=\"elementor-widget-container\">\n\t\t\t\t\t\t\t<div class=\"elementor-spacer\">\n\t\t\t<div class=\"elementor-spacer-inner\"><\/div>\n\t\t<\/div>\n\t\t\t\t\t\t<\/div>\n\t\t\t\t<\/div>\n\t\t\t\t\t<\/div>\n\t\t\t\t<\/div>\n\t\t\t\t<\/div>","protected":false},"excerpt":{"rendered":"<p>ABOUT US Fjordwell Message At Fjordwell, we are dedicated to crafting exceptional products that nourish both body and mind. Created under the sunny skies of Costa del Sol, our face roll is a true testament to luxury and nature. Inspired by years of experience in the world of natural cosmetics, we formulated the Fjordwell Face &hellip;<\/p>\n<p class=\"read-more\"> <a class=\"\" href=\"https:\/\/fjordwell.com\/es\/about-us\/\"> <span class=\"screen-reader-text\">Sobre nosotros<\/span> Leer m\u00e1s &raquo;<\/a><\/p>","protected":false},"author":1,"featured_media":0,"parent":0,"menu_order":0,"comment_status":"closed","ping_status":"closed","template":"elementor_header_footer","meta":{"site-sidebar-layout":"no-sidebar","site-content-layout":"","ast-site-content-layout":"full-width-container","site-content-style":"default","site-sidebar-style":"default","ast-global-header-display":"","ast-banner-title-visibility":"","ast-main-header-display":"","ast-hfb-above-header-display":"","ast-hfb-below-header-display":"","ast-hfb-mobile-header-display":"","site-post-title":"","ast-breadcrumbs-content":"","ast-featured-img":"disabled","footer-sml-layout":"","theme-transparent-header-meta":"","adv-header-id-meta":"","stick-header-meta":"","header-above-stick-meta":"","header-main-stick-meta":"","header-below-stick-meta":"","astra-migrate-meta-layouts":"","footnotes":""},"class_list":["post-15","page","type-page","status-publish","hentry"],"_links":{"self":[{"href":"https:\/\/fjordwell.com\/es\/wp-json\/wp\/v2\/pages\/15","targetHints":{"allow":["GET"]}}],"collection":[{"href":"https:\/\/fjordwell.com\/es\/wp-json\/wp\/v2\/pages"}],"about":[{"href":"https:\/\/fjordwell.com\/es\/wp-json\/wp\/v2\/types\/page"}],"author":[{"embeddable":true,"href":"https:\/\/fjordwell.com\/es\/wp-json\/wp\/v2\/users\/1"}],"replies":[{"embeddable":true,"href":"https:\/\/fjordwell.com\/es\/wp-json\/wp\/v2\/comments?post=15"}],"version-history":[{"count":55,"href":"https:\/\/fjordwell.com\/es\/wp-json\/wp\/v2\/pages\/15\/revisions"}],"predecessor-version":[{"id":636,"href":"https:\/\/fjordwell.com\/es\/wp-json\/wp\/v2\/pages\/15\/revisions\/636"}],"wp:attachment":[{"href":"https:\/\/fjordwell.com\/es\/wp-json\/wp\/v2\/media?parent=15"}],"curies":[{"name":"wp","href":"https:\/\/api.w.org\/{rel}","templated":true}]}}