{"id":3,"date":"2023-09-26T09:40:09","date_gmt":"2023-09-26T09:40:09","guid":{"rendered":"http:\/\/fjordwell.com\/?page_id=3"},"modified":"2025-02-25T22:05:24","modified_gmt":"2025-02-25T22:05:24","slug":"privacy-policy","status":"publish","type":"page","link":"https:\/\/fjordwell.com\/es\/privacy-policy\/","title":{"rendered":"Pol\u00edtica de Privacidad"},"content":{"rendered":"<p>En Fjordwell, accesible desde www.fjordwell.com, una de nuestras principales prioridades es la privacidad de nuestros visitantes. Este documento de Pol\u00edtica de Privacidad detalla los tipos de informaci\u00f3n que se recopilan y registran en Fjordwell, as\u00ed como el uso que hacemos de dicha informaci\u00f3n.<\/p><p>If you have additional questions or require more information about our Privacy Policy, do not hesitate to contact us.<\/p><p>This Privacy Policy applies only to our online activities and is valid for visitors to our website with regards to the information that they shared and\/or collect in Fjordwell. This policy is not applicable to any information collected offline or via channels other than this website.<\/p><h2 class=\"wp-block-heading\">Consent<\/h2><p>Al utilizar nuestro sitio web, usted acepta nuestra Pol\u00edtica de privacidad y sus t\u00e9rminos.<\/p><h2 class=\"wp-block-heading\">Informaci\u00f3n que recopilamos<\/h2><p>La informaci\u00f3n personal que se le solicita que proporcione, y las razones por las cuales se le solicita que la proporcione, se le aclarar\u00e1n en el momento en que le solicitemos que proporcione su informaci\u00f3n personal.<\/p><p>Si se comunica con nosotros directamente, es posible que recibamos informaci\u00f3n adicional sobre usted, como su nombre, direcci\u00f3n de correo electr\u00f3nico, n\u00famero de tel\u00e9fono, el contenido del mensaje y\/o archivos adjuntos que pueda enviarnos y cualquier otra informaci\u00f3n que elija proporcionar.<\/p><p>Cuando se registra para una Cuenta, podemos solicitarle su informaci\u00f3n de contacto, incluidos elementos como nombre, nombre de la empresa, direcci\u00f3n, direcci\u00f3n de correo electr\u00f3nico y n\u00famero de tel\u00e9fono.<\/p><h2 class=\"wp-block-heading\">C\u00f3mo utilizamos su informaci\u00f3n<\/h2><p>Utilizamos la informaci\u00f3n que recopilamos de varias maneras, entre ellas:<\/p><ul class=\"wp-block-list\"><li>Proporcionar, operar y mantener nuestro sitio web<\/li>\n\n<li>Improve, personalize, and expand our website<\/li>\n\n<li>Understand and analyze how you use our website<\/li>\n\n<li>Develop new products, services, features, and functionality<\/li>\n\n<li>Communicate with you, either directly or through one of our partners, including for customer service, to provide you with updates and other information relating to the website, and for marketing and promotional purposes<\/li>\n\n<li>Send you emails<\/li>\n\n<li>Find and prevent fraud<\/li><\/ul><h2 class=\"wp-block-heading\">Log Files<\/h2><p>Fjordwell sigue un procedimiento est\u00e1ndar de uso de archivos de registro. Estos archivos registran a los visitantes cuando visitan sitios web. Todas las empresas de alojamiento hacen esto y es parte del an\u00e1lisis de los servicios de alojamiento. La informaci\u00f3n recopilada por los archivos de registro incluye direcciones de protocolo de Internet (IP), tipo de navegador, proveedor de servicios de Internet (ISP), sello de fecha y hora, p\u00e1ginas de referencia\/salida y, posiblemente, el n\u00famero de clics. Estos no est\u00e1n vinculados a ninguna informaci\u00f3n que sea personalmente identificable. El prop\u00f3sito de la informaci\u00f3n es analizar tendencias, administrar el sitio, rastrear el movimiento de los usuarios en el sitio web y recopilar informaci\u00f3n demogr\u00e1fica.<\/p><h2 class=\"wp-block-heading\">Cookies and Web Beacons<\/h2><p>Al igual que cualquier otro sitio web, Fjordwell utiliza \u201ccookies\u201d. Estas cookies se utilizan para almacenar informaci\u00f3n, incluidas las preferencias de los visitantes y las p\u00e1ginas del sitio web a las que accedi\u00f3 o visit\u00f3 el visitante. La informaci\u00f3n se utiliza para optimizar la experiencia de los usuarios personalizando el contenido de nuestra p\u00e1gina web en funci\u00f3n del tipo de navegador de los visitantes y\/u otra informaci\u00f3n.<\/p><h2 class=\"wp-block-heading\">Google DoubleClick DART Cookie<\/h2><p>Google is one of a third-party vendor on our site. It also uses cookies, known as DART cookies, to serve ads to our site visitors based upon their visit to www.website.com and other sites on the internet. However, visitors may choose to decline the use of DART cookies by visiting the Google ad and content network Privacy Policy at the following URL \u2013&nbsp;<a href=\"https:\/\/policies.google.com\/technologies\/ads\">https:\/\/policies.google.com\/technologies\/ads<\/a><\/p><h2 class=\"wp-block-heading\">Our Advertising Partners<\/h2><p>Some of advertisers on our site may use cookies and web beacons. Our advertising partners are listed below. Each of our advertising partners has their own Privacy Policy for their policies on user data. For easier access, we hyperlinked to their Privacy Policies below.<\/p><ul class=\"wp-block-list\"><li>Google<a href=\"https:\/\/policies.google.com\/technologies\/ads\">https:\/\/policies.google.com\/technologies\/ads<\/a><\/li><\/ul><h2 class=\"wp-block-heading\">Advertising Partners Privacy Policies<\/h2><p>You may consult this list to find the Privacy Policy for each of the advertising partners of Fjordwell.<\/p><p>Third-party ad servers or ad networks uses technologies like cookies, JavaScript, or Web Beacons that are used in their respective advertisements and links that appear on Fjordwell, which are sent directly to users&#8217; browser. They automatically receive your IP address when this occurs. These technologies are used to measure the effectiveness of their advertising campaigns and\/or to personalize the advertising content that you see on websites that you visit.<\/p><p>Note that Fjordwell has no access to or control over these cookies that are used by third-party advertisers.<\/p><h2 class=\"wp-block-heading\">Third Party Privacy Policies<\/h2><p>Fjordwell&#8217;s Privacy Policy does not apply to other advertisers or websites. Thus, we are advising you to consult the respective Privacy Policies of these third-party ad servers for more detailed information. It may include their practices and instructions about how to opt-out of certain options.<\/p><p>You can choose to disable cookies through your individual browser options. To know more detailed information about cookie management with specific web browsers, it can be found at the browsers&#8217; respective websites.<\/p><h2 class=\"wp-block-heading\">CCPA Privacy Rights (Do Not Sell My Personal Information)<\/h2><p>Under the CCPA, among other rights, California consumers have the right to:<\/p><p>Request that a business that collects a consumer&#8217;s personal data disclose the categories and specific pieces of personal data that a business has collected about consumers.<\/p><p>Request that a business delete any personal data about the consumer that a business has collected.<\/p><p>Request that a business that sells a consumer&#8217;s personal data, not sell the consumer&#8217;s personal data.<\/p><p>If you make a request, we have one month to respond to you. If you would like to exercise any of these rights, please contact us.<\/p><h2 class=\"wp-block-heading\">GDPR Data Protection Rights<\/h2><p>We would like to make sure you are fully aware of all of your data protection rights. Every user is entitled to the following:<\/p><p>The right to access \u2013 You have the right to request copies of your personal data. We may charge you a small fee for this service.<\/p><p>The right to rectification \u2013 You have the right to request that we correct any information you believe is inaccurate. You also have the right to request that we complete the information you believe is incomplete.<\/p><p>The right to erasure \u2013 You have the right to request that we erase your personal data, under certain conditions.<\/p><p>The right to restrict processing \u2013 You have the right to request that we restrict the processing of your personal data, under certain conditions.<\/p><p>The right to object to processing \u2013 You have the right to object to our processing of your personal data, under certain conditions.<\/p><p>The right to data portability \u2013 You have the right to request that we transfer the data that we have collected to another organization, or directly to you, under certain conditions.<\/p><p>If you make a request, we have one month to respond to you. If you would like to exercise any of these rights, please contact us.<\/p><h2 class=\"wp-block-heading\">Children&#8217;s Information<\/h2><p>Another part of our priority is adding protection for children while using the internet. We encourage parents and guardians to observe, participate in, and\/or monitor and guide their online activity.<\/p><p>Fjordwell does not knowingly collect any Personal Identifiable Information from children under the age of 13. If you think that your child provided this kind of information on our website, we strongly encourage you to contact us immediately and we will do our best efforts to promptly remove such information from our records.<\/p><h2 class=\"wp-block-heading\">Changes to This Privacy Policy<\/h2><p>We may update our Privacy Policy from time to time. Thus, we advise you to review this page periodically for any changes. We will notify you of any changes by posting the new Privacy Policy on this page. These changes are effective immediately, after they are posted on this page.<\/p><h2 class=\"wp-block-heading\">Contacta con nosotras<\/h2><p>If you have any questions or suggestions about our Privacy Policy, do not hesitate to <a href=\"https:\/\/fjordwell.com\/es\/contact\/\">contact us<\/a>.<\/p>","protected":false},"excerpt":{"rendered":"<p>At Fjordwell, accessible from www.fjordwell.com, one of our main priorities is the privacy of our visitors. This Privacy Policy document contains types of information that is collected and recorded by Fjordwell and how we use it. If you have additional questions or require more information about our Privacy Policy, do not hesitate to contact us. &hellip;<\/p>\n<p class=\"read-more\"> <a class=\"\" href=\"https:\/\/fjordwell.com\/es\/privacy-policy\/\"> <span class=\"screen-reader-text\">Pol\u00edtica de Privacidad<\/span> Leer m\u00e1s &raquo;<\/a><\/p>","protected":false},"author":1,"featured_media":0,"parent":0,"menu_order":0,"comment_status":"closed","ping_status":"open","template":"","meta":{"site-sidebar-layout":"default","site-content-layout":"","ast-site-content-layout":"","site-content-style":"default","site-sidebar-style":"default","ast-global-header-display":"","ast-banner-title-visibility":"","ast-main-header-display":"","ast-hfb-above-header-display":"","ast-hfb-below-header-display":"","ast-hfb-mobile-header-display":"","site-post-title":"","ast-breadcrumbs-content":"","ast-featured-img":"","footer-sml-layout":"","theme-transparent-header-meta":"","adv-header-id-meta":"","stick-header-meta":"","header-above-stick-meta":"","header-main-stick-meta":"","header-below-stick-meta":"","astra-migrate-meta-layouts":"","footnotes":""},"class_list":["post-3","page","type-page","status-publish","hentry"],"_links":{"self":[{"href":"https:\/\/fjordwell.com\/es\/wp-json\/wp\/v2\/pages\/3","targetHints":{"allow":["GET"]}}],"collection":[{"href":"https:\/\/fjordwell.com\/es\/wp-json\/wp\/v2\/pages"}],"about":[{"href":"https:\/\/fjordwell.com\/es\/wp-json\/wp\/v2\/types\/page"}],"author":[{"embeddable":true,"href":"https:\/\/fjordwell.com\/es\/wp-json\/wp\/v2\/users\/1"}],"replies":[{"embeddable":true,"href":"https:\/\/fjordwell.com\/es\/wp-json\/wp\/v2\/comments?post=3"}],"version-history":[{"count":2,"href":"https:\/\/fjordwell.com\/es\/wp-json\/wp\/v2\/pages\/3\/revisions"}],"predecessor-version":[{"id":147,"href":"https:\/\/fjordwell.com\/es\/wp-json\/wp\/v2\/pages\/3\/revisions\/147"}],"wp:attachment":[{"href":"https:\/\/fjordwell.com\/es\/wp-json\/wp\/v2\/media?parent=3"}],"curies":[{"name":"wp","href":"https:\/\/api.w.org\/{rel}","templated":true}]}}